{"id":8446,"date":"2023-08-09T11:34:14","date_gmt":"2023-08-09T08:34:14","guid":{"rendered":"https:\/\/new.irinakirs.ee\/privaatsustingimused\/"},"modified":"2024-07-02T16:34:18","modified_gmt":"2024-07-02T13:34:18","slug":"usloviya-privatnosti","status":"publish","type":"page","link":"https:\/\/irinakirs.ee\/ru\/usloviya-privatnosti\/","title":{"rendered":"\u0423\u0441\u043b\u043e\u0432\u0438\u044f \u043f\u0440\u0438\u0432\u0430\u0442\u043d\u043e\u0441\u0442\u0438"},"content":{"rendered":"<section class=\"l-section wpb_row height_medium\"><div class=\"l-section-h i-cf\"><div class=\"g-cols vc_row via_grid cols_1 laptops-cols_inherit tablets-cols_inherit mobiles-cols_1 valign_top type_default stacking_default\"><div class=\"wpb_column vc_column_container\"><div class=\"vc_column-inner\">[vc_custom_heading text=&#187;\u0423\u0441\u043b\u043e\u0432\u0438\u044f \u043f\u0440\u0438\u0432\u0430\u0442\u043d\u043e\u0441\u0442\u0438&#187; font_container=&#187;tag:h1|text_align:left&#187; use_theme_fonts=&#187;yes&#187;]<div class=\"wpb_text_column licolor\"><div class=\"wpb_wrapper\"><p><strong>Irina Kirs`i n\u00f5ustamis- ja koolituskeskuse <\/strong><strong>(SPK GRUPP O\u00dc) privaatsustingimused ja isikuandmete t\u00f6\u00f6tlemine<\/strong><\/p>\n<p>SPK GRUPP O\u00dc, (registrikood 12968936, juriidiline aadress Ketraja 3\/1-12, 10312 Tallinn, kontakt:\u00a0<a href=\"mailto:info@irinakirs.ee\">info@irinakirs.ee)<\/a> tegeleb ps\u00fchholoogilise n\u00f5ustamise, loengute, treeningute ja koolituste pakkumisega klientidele. Seoses sellega on SPK GRUPP O\u00dc v\u00f5tnud endale kohustuse kaitsta klientide ja kasutajate privaatsust ning on isikuandmete vastutav t\u00f6\u00f6tleja. Sellest l\u00e4htuvalt oleme koostanud k\u00e4esolevad privaatsuspoliitika p\u00f5him\u00f5tted, mis k\u00e4sitlevad kliendi andmete kogumist, kasutamist, avaldamist, edastamist ja talletamist. Meie tegevus internetis on koosk\u00f5las k\u00f5igi asjakohaste tegevuste ja vastavate Euroopa Liidu \u00f5igusaktide ja Eesti Vabariigi seadustega.<\/p>\n<p><strong>Milliseid isikuandmeid t\u00f6\u00f6deldakse?<\/strong><\/p>\n<ul>\n<li>nimi, telefoninumber ja e-posti aadress;<\/li>\n<li>aadress;<\/li>\n<li>teenuste maksumus ja maksetega seotud andmed (ostuajalugu)<\/li>\n<li>terviseandmed (vaimse tervisega seotud mured ja kaebused, toitumine, treeningud, une- ja puhkere\u017eiim jne)<\/li>\n<\/ul>\n<p><strong>Millisel eesm\u00e4rgil isikuandmeid t\u00f6\u00f6deldakse?<\/strong><\/p>\n<p>Isikuandmeid kasutatakse kliendile ps\u00fchholoogilise n\u00f5ustamise osutamiseks ja koolituste pakkumiseks. Ostuajaloo andmeid (ostu kuup\u00e4ev, teenus, kogus, kliendi kontaktandmed) kasutatakse ostetud teenuse osutamiseks ja raamatupidamiseks. Isikuandmeid nagu e-post, telefoninumber, kliendi nimi, t\u00f6\u00f6deldakse selleks, et pidada kliendiga \u00fchendust ja pakkuda talle ps\u00fchholoogilist n\u00f5ustamist ja erinevaid koolitus-, treeningu, loenguprogramme ja mud teenused, ning uudiskirjateenuse tellimise korral ka uudiskirja edastamiseks. Vaimse tervise andmeid t\u00f6\u00f6deldakse selleks, et pakkuda individuaalset n\u00f5ustamist ps\u00fchholoogilise n\u00f5ustamise raames.<\/p>\n<p>Kodulehe kasutaja IP-aadressi v\u00f5i teisi v\u00f5rguidentifikaatoreid t\u00f6\u00f6deldakse veebipoe kui info\u00fchiskonna teenuse osutamiseks ning veebikasutusstatistika tegemiseks.<\/p>\n<p><strong>\u00d5iguslik alus<\/strong><\/p>\n<p>Andmete t\u00f6\u00f6tlemine toimub kliendiga s\u00f5lmitud teenuslepingu t\u00e4itmise eesm\u00e4rgil v\u00f5i juriidilise kohustuse t\u00e4itmiseks (nt raamatupidamine).<\/p>\n<p>Vastuv\u00f5tjad, kellele isikuandmed edastatakse<\/p>\n<p>Arvete koostamisel vajalikud isikuandmed (nimi ja aadress, e-mail) edastatakse SPK GRUPP O\u00dc raamatupidamisele.<\/p>\n<p>SPK GRUPP O\u00dc uudiskirjaga liitunute isikuandmeid (eesnimi ja e-postiaadress, IP-aadress ja asukohariik), edastatakse e-postiturundusplatvormile Smaily (<a href=\"http:\/\/www.smaily.com\/\">www.smaily.com<\/a>) uudiskirjateenuse osutamiseks.<\/p>\n<p>Veebilehe\u00a0<a href=\"http:\/\/www.irinakirs.ee\u00a0\">www.irinakirs.ee\u00a0<\/a>k\u00fclastusandmeid (IP-aadressid) t\u00f6\u00f6deldakse anon\u00fc\u00fcmselt pakutavate teenuste parendamiseks.<\/p>\n<p>Turvalisus ja andmetele ligip\u00e4\u00e4s<\/p>\n<p>Isikuandmeid hoitakse salas\u00f5nade ja ajakohase viirust\u00f5rjetarkvaraga turvatud arvutites ja k\u00f5vaketastel. Juurdep\u00e4\u00e4s isikuandmetele on SPK Grupp O\u00dc t\u00f6\u00f6tajal, kes saab isikuandmetega tutvuda selleks, et osutada kliendile kokkulepitud teenust. Ettev\u00f5te rakendab asjakohaseid f\u00fc\u00fcsilisi, ja infotehnilisi turvameetmeid, et kaitsta isikuandmeid juhusliku v\u00f5i ebaseadusliku h\u00e4vitamise, kaotsimineku, muutmise v\u00f5i loata juurdep\u00e4\u00e4su ja avalikustamise eest.<\/p>\n<p><strong>N\u00f5usoleku tagasiv\u00f5tmine<\/strong><\/p>\n<p>Kliendil \u00f5igus v\u00f5tta tagasi n\u00f5usolek isikuandmete t\u00f6\u00f6tlemiseks, saates selleks e-kirja aadressil\u00a0<a href=\"mailto:info@irinakirs.ee\">info@irinakirs.ee<\/a>.<\/p>\n<p>S\u00e4ilitamine<\/p>\n<p>Kliendile n\u00f5ustamisteenuse ja koolituspakkumise osutamiseks kogutud isikuandmeid s\u00e4ilitatakse kuni kliendisuhte l\u00f5petamiseni, millest klient teavitab teenusepakkujat kirjalikult e-posti teel.<br \/>\nUudiskirjaga liitumiseks esitatud andmeid hoitakse kuni uudiskirjast loobumiseni.<br \/>\nMaksetega ja tarbijavaidlustega seotud vaidluste korral s\u00e4ilitatakse isikuandmed kuni n\u00f5ude t\u00e4itmiseni v\u00f5i aegumist\u00e4htaja l\u00f5puni. Raamatupidamise jaoks vajalikud isikuandmed s\u00e4ilitatakse seitse aastat.<\/p>\n<p>Kustutamine<\/p>\n<p>Isikuandmete kustutamiseks tuleb v\u00f5tta \u00fchendust SPK Grupp O\u00dcga e-posti teel aadressil\u00a0<a href=\"mailto:info@irinakirs.ee\">info@irinakirs.ee<\/a>. Kustutamistaotlusele vastatakse mitte hiljem kui kuu aja jooksul ning t\u00e4psustakse andmete kustutamise perioodi.<\/p>\n<p><strong>\u00dclekandmine<\/strong><\/p>\n<p>E-posti teel esitatud isikuandmete \u00fclekandmise taotlusele vastatakse hiljemalt kuu aja jooksul. SPK Grupp O\u00dc tuvastab isikusamasuse ja teavitab isikuandmetest, mis kuuluvad \u00fclekandmisele.<\/p>\n<p><strong>Vaidluste lahendamine<\/strong><\/p>\n<p>E-posti teel esitatud isikuandmete \u00fclekandmise taotlusele vastatakse hiljemalt kuu aja jooksul. SPK Grupp O\u00dc tuvastab isikusamasuse ja teavitab isikuandmetest, mis kuuluvad \u00fclekandmisele.<\/p>\n<p>Isikuandmete t\u00f6\u00f6tlemisega seotud k\u00fcsimuste puhul palun p\u00f6\u00f6rduda SPK Grupp O\u00dc poole e-posti aadressil\u00a0<a href=\"mailto:info@irinakirs.ee\">info@irinakirs.ee<\/a>.<\/p>\n<p>J\u00e4relevalveasutus on Eesti Andmekaitse Inspektsioon (<a href=\"mailto:info@aki.ee\">info@aki.ee<\/a>).<\/p>\n<\/div><\/div><\/div><\/div><\/div><\/div><\/section>\n","protected":false},"excerpt":{"rendered":"[vc_custom_heading text=\"\u0423\u0441\u043b\u043e\u0432\u0438\u044f \u043f\u0440\u0438\u0432\u0430\u0442\u043d\u043e\u0441\u0442\u0438\" font_container=\"tag:h1|text_align:left\" use_theme_fonts=\"yes\"]Irina Kirs`i n\u00f5ustamis- ja koolituskeskuse (SPK GRUPP O\u00dc) privaatsustingimused ja isikuandmete t\u00f6\u00f6tlemine SPK GRUPP O\u00dc, (registrikood 12968936, juriidiline aadress Ketraja 3\/1-12, 10312 Tallinn, kontakt:\u00a0info@irinakirs.ee) tegeleb ps\u00fchholoogilise n\u00f5ustamise, loengute, treeningute ja koolituste pakkumisega klientidele. Seoses sellega on SPK GRUPP O\u00dc v\u00f5tnud endale kohustuse kaitsta klientide ja kasutajate privaatsust ning on isikuandmete vastutav...","protected":false},"author":1,"featured_media":0,"parent":0,"menu_order":0,"comment_status":"closed","ping_status":"closed","template":"","meta":{"footnotes":""},"class_list":["post-8446","page","type-page","status-publish","hentry"],"yoast_head":"<!-- This site is optimized with the Yoast SEO plugin v27.2 - https:\/\/yoast.com\/product\/yoast-seo-wordpress\/ -->\n<title>\u0423\u0441\u043b\u043e\u0432\u0438\u044f \u043f\u0440\u0438\u0432\u0430\u0442\u043d\u043e\u0441\u0442\u0438 - \u041f\u0441\u0438\u0445\u043e\u043b\u043e\u0433 \u0418\u0440\u0438\u043d\u0430 \u041a\u0438\u0440\u0441<\/title>\n<meta name=\"robots\" content=\"index, follow, max-snippet:-1, max-image-preview:large, max-video-preview:-1\" \/>\n<link rel=\"canonical\" href=\"https:\/\/irinakirs.ee\/ru\/usloviya-privatnosti\/\" \/>\n<meta property=\"og:locale\" content=\"ru_RU\" \/>\n<meta property=\"og:type\" content=\"article\" \/>\n<meta property=\"og:title\" content=\"\u0423\u0441\u043b\u043e\u0432\u0438\u044f \u043f\u0440\u0438\u0432\u0430\u0442\u043d\u043e\u0441\u0442\u0438 - \u041f\u0441\u0438\u0445\u043e\u043b\u043e\u0433 \u0418\u0440\u0438\u043d\u0430 \u041a\u0438\u0440\u0441\" \/>\n<meta property=\"og:url\" content=\"https:\/\/irinakirs.ee\/ru\/usloviya-privatnosti\/\" \/>\n<meta property=\"og:site_name\" content=\"\u041f\u0441\u0438\u0445\u043e\u043b\u043e\u0433 \u0418\u0440\u0438\u043d\u0430 \u041a\u0438\u0440\u0441\" \/>\n<meta property=\"article:publisher\" content=\"https:\/\/www.facebook.com\/www.lahenduseleidja.ee\" \/>\n<meta property=\"article:modified_time\" content=\"2024-07-02T13:34:18+00:00\" \/>\n<meta property=\"og:image\" content=\"https:\/\/irinakirs.ee\/wp-content\/uploads\/2023\/07\/2.jpg\" \/>\n\t<meta property=\"og:image:width\" content=\"2000\" \/>\n\t<meta property=\"og:image:height\" content=\"1335\" \/>\n\t<meta property=\"og:image:type\" content=\"image\/jpeg\" \/>\n<meta name=\"twitter:card\" content=\"summary_large_image\" \/>\n<meta name=\"twitter:label1\" content=\"\u041f\u0440\u0438\u043c\u0435\u0440\u043d\u043e\u0435 \u0432\u0440\u0435\u043c\u044f \u0434\u043b\u044f \u0447\u0442\u0435\u043d\u0438\u044f\" \/>\n\t<meta name=\"twitter:data1\" content=\"3 \u043c\u0438\u043d\u0443\u0442\u044b\" \/>\n<script type=\"application\/ld+json\" class=\"yoast-schema-graph\">{\"@context\":\"https:\/\/schema.org\",\"@graph\":[{\"@type\":\"WebPage\",\"@id\":\"https:\/\/irinakirs.ee\/ru\/usloviya-privatnosti\/\",\"url\":\"https:\/\/irinakirs.ee\/ru\/usloviya-privatnosti\/\",\"name\":\"\u0423\u0441\u043b\u043e\u0432\u0438\u044f \u043f\u0440\u0438\u0432\u0430\u0442\u043d\u043e\u0441\u0442\u0438 - \u041f\u0441\u0438\u0445\u043e\u043b\u043e\u0433 \u0418\u0440\u0438\u043d\u0430 \u041a\u0438\u0440\u0441\",\"isPartOf\":{\"@id\":\"https:\/\/irinakirs.ee\/#website\"},\"datePublished\":\"2023-08-09T08:34:14+00:00\",\"dateModified\":\"2024-07-02T13:34:18+00:00\",\"breadcrumb\":{\"@id\":\"https:\/\/irinakirs.ee\/ru\/usloviya-privatnosti\/#breadcrumb\"},\"inLanguage\":\"ru-RU\",\"potentialAction\":[{\"@type\":\"ReadAction\",\"target\":[\"https:\/\/irinakirs.ee\/ru\/usloviya-privatnosti\/\"]}]},{\"@type\":\"BreadcrumbList\",\"@id\":\"https:\/\/irinakirs.ee\/ru\/usloviya-privatnosti\/#breadcrumb\",\"itemListElement\":[{\"@type\":\"ListItem\",\"position\":1,\"name\":\"Home\",\"item\":\"https:\/\/irinakirs.ee\/ru\/\"},{\"@type\":\"ListItem\",\"position\":2,\"name\":\"\u0423\u0441\u043b\u043e\u0432\u0438\u044f \u043f\u0440\u0438\u0432\u0430\u0442\u043d\u043e\u0441\u0442\u0438\"}]},{\"@type\":\"WebSite\",\"@id\":\"https:\/\/irinakirs.ee\/#website\",\"url\":\"https:\/\/irinakirs.ee\/\",\"name\":\"Ps\u00fchholoog Irina Kirs\",\"description\":\"\",\"publisher\":{\"@id\":\"https:\/\/irinakirs.ee\/#organization\"},\"potentialAction\":[{\"@type\":\"SearchAction\",\"target\":{\"@type\":\"EntryPoint\",\"urlTemplate\":\"https:\/\/irinakirs.ee\/?s={search_term_string}\"},\"query-input\":{\"@type\":\"PropertyValueSpecification\",\"valueRequired\":true,\"valueName\":\"search_term_string\"}}],\"inLanguage\":\"ru-RU\"},{\"@type\":\"Organization\",\"@id\":\"https:\/\/irinakirs.ee\/#organization\",\"name\":\"V.I.K.I.Lahendus O\u00dc\",\"url\":\"https:\/\/irinakirs.ee\/\",\"logo\":{\"@type\":\"ImageObject\",\"inLanguage\":\"ru-RU\",\"@id\":\"https:\/\/irinakirs.ee\/#\/schema\/logo\/image\/\",\"url\":\"https:\/\/new.irinakirs.ee\/wp-content\/uploads\/2023\/09\/Lahenduseleidja.svg\",\"contentUrl\":\"https:\/\/new.irinakirs.ee\/wp-content\/uploads\/2023\/09\/Lahenduseleidja.svg\",\"width\":\"1024\",\"height\":\"1024\",\"caption\":\"V.I.K.I.Lahendus O\u00dc\"},\"image\":{\"@id\":\"https:\/\/irinakirs.ee\/#\/schema\/logo\/image\/\"},\"sameAs\":[\"https:\/\/www.facebook.com\/www.lahenduseleidja.ee\"]}]}<\/script>\n<!-- \/ Yoast SEO plugin. -->","yoast_head_json":{"title":"\u0423\u0441\u043b\u043e\u0432\u0438\u044f \u043f\u0440\u0438\u0432\u0430\u0442\u043d\u043e\u0441\u0442\u0438 - \u041f\u0441\u0438\u0445\u043e\u043b\u043e\u0433 \u0418\u0440\u0438\u043d\u0430 \u041a\u0438\u0440\u0441","robots":{"index":"index","follow":"follow","max-snippet":"max-snippet:-1","max-image-preview":"max-image-preview:large","max-video-preview":"max-video-preview:-1"},"canonical":"https:\/\/irinakirs.ee\/ru\/usloviya-privatnosti\/","og_locale":"ru_RU","og_type":"article","og_title":"\u0423\u0441\u043b\u043e\u0432\u0438\u044f \u043f\u0440\u0438\u0432\u0430\u0442\u043d\u043e\u0441\u0442\u0438 - \u041f\u0441\u0438\u0445\u043e\u043b\u043e\u0433 \u0418\u0440\u0438\u043d\u0430 \u041a\u0438\u0440\u0441","og_url":"https:\/\/irinakirs.ee\/ru\/usloviya-privatnosti\/","og_site_name":"\u041f\u0441\u0438\u0445\u043e\u043b\u043e\u0433 \u0418\u0440\u0438\u043d\u0430 \u041a\u0438\u0440\u0441","article_publisher":"https:\/\/www.facebook.com\/www.lahenduseleidja.ee","article_modified_time":"2024-07-02T13:34:18+00:00","og_image":[{"width":2000,"height":1335,"url":"https:\/\/irinakirs.ee\/wp-content\/uploads\/2023\/07\/2.jpg","type":"image\/jpeg"}],"twitter_card":"summary_large_image","twitter_misc":{"\u041f\u0440\u0438\u043c\u0435\u0440\u043d\u043e\u0435 \u0432\u0440\u0435\u043c\u044f \u0434\u043b\u044f \u0447\u0442\u0435\u043d\u0438\u044f":"3 \u043c\u0438\u043d\u0443\u0442\u044b"},"schema":{"@context":"https:\/\/schema.org","@graph":[{"@type":"WebPage","@id":"https:\/\/irinakirs.ee\/ru\/usloviya-privatnosti\/","url":"https:\/\/irinakirs.ee\/ru\/usloviya-privatnosti\/","name":"\u0423\u0441\u043b\u043e\u0432\u0438\u044f \u043f\u0440\u0438\u0432\u0430\u0442\u043d\u043e\u0441\u0442\u0438 - \u041f\u0441\u0438\u0445\u043e\u043b\u043e\u0433 \u0418\u0440\u0438\u043d\u0430 \u041a\u0438\u0440\u0441","isPartOf":{"@id":"https:\/\/irinakirs.ee\/#website"},"datePublished":"2023-08-09T08:34:14+00:00","dateModified":"2024-07-02T13:34:18+00:00","breadcrumb":{"@id":"https:\/\/irinakirs.ee\/ru\/usloviya-privatnosti\/#breadcrumb"},"inLanguage":"ru-RU","potentialAction":[{"@type":"ReadAction","target":["https:\/\/irinakirs.ee\/ru\/usloviya-privatnosti\/"]}]},{"@type":"BreadcrumbList","@id":"https:\/\/irinakirs.ee\/ru\/usloviya-privatnosti\/#breadcrumb","itemListElement":[{"@type":"ListItem","position":1,"name":"Home","item":"https:\/\/irinakirs.ee\/ru\/"},{"@type":"ListItem","position":2,"name":"\u0423\u0441\u043b\u043e\u0432\u0438\u044f \u043f\u0440\u0438\u0432\u0430\u0442\u043d\u043e\u0441\u0442\u0438"}]},{"@type":"WebSite","@id":"https:\/\/irinakirs.ee\/#website","url":"https:\/\/irinakirs.ee\/","name":"Ps\u00fchholoog Irina Kirs","description":"","publisher":{"@id":"https:\/\/irinakirs.ee\/#organization"},"potentialAction":[{"@type":"SearchAction","target":{"@type":"EntryPoint","urlTemplate":"https:\/\/irinakirs.ee\/?s={search_term_string}"},"query-input":{"@type":"PropertyValueSpecification","valueRequired":true,"valueName":"search_term_string"}}],"inLanguage":"ru-RU"},{"@type":"Organization","@id":"https:\/\/irinakirs.ee\/#organization","name":"V.I.K.I.Lahendus O\u00dc","url":"https:\/\/irinakirs.ee\/","logo":{"@type":"ImageObject","inLanguage":"ru-RU","@id":"https:\/\/irinakirs.ee\/#\/schema\/logo\/image\/","url":"https:\/\/new.irinakirs.ee\/wp-content\/uploads\/2023\/09\/Lahenduseleidja.svg","contentUrl":"https:\/\/new.irinakirs.ee\/wp-content\/uploads\/2023\/09\/Lahenduseleidja.svg","width":"1024","height":"1024","caption":"V.I.K.I.Lahendus O\u00dc"},"image":{"@id":"https:\/\/irinakirs.ee\/#\/schema\/logo\/image\/"},"sameAs":["https:\/\/www.facebook.com\/www.lahenduseleidja.ee"]}]}},"_links":{"self":[{"href":"https:\/\/irinakirs.ee\/ru\/wp-json\/wp\/v2\/pages\/8446","targetHints":{"allow":["GET"]}}],"collection":[{"href":"https:\/\/irinakirs.ee\/ru\/wp-json\/wp\/v2\/pages"}],"about":[{"href":"https:\/\/irinakirs.ee\/ru\/wp-json\/wp\/v2\/types\/page"}],"author":[{"embeddable":true,"href":"https:\/\/irinakirs.ee\/ru\/wp-json\/wp\/v2\/users\/1"}],"replies":[{"embeddable":true,"href":"https:\/\/irinakirs.ee\/ru\/wp-json\/wp\/v2\/comments?post=8446"}],"version-history":[{"count":2,"href":"https:\/\/irinakirs.ee\/ru\/wp-json\/wp\/v2\/pages\/8446\/revisions"}],"predecessor-version":[{"id":8912,"href":"https:\/\/irinakirs.ee\/ru\/wp-json\/wp\/v2\/pages\/8446\/revisions\/8912"}],"wp:attachment":[{"href":"https:\/\/irinakirs.ee\/ru\/wp-json\/wp\/v2\/media?parent=8446"}],"curies":[{"name":"wp","href":"https:\/\/api.w.org\/{rel}","templated":true}]}}