{"id":8439,"date":"2023-08-09T11:31:51","date_gmt":"2023-08-09T08:31:51","guid":{"rendered":"https:\/\/new.irinakirs.ee\/uldtingimused\/"},"modified":"2024-07-02T16:31:29","modified_gmt":"2024-07-02T13:31:29","slug":"usloviya","status":"publish","type":"page","link":"https:\/\/irinakirs.ee\/ru\/usloviya\/","title":{"rendered":"\u041e\u0431\u0449\u0438\u0435 \u0443\u0441\u043b\u043e\u0432\u0438\u044f \u043e\u043a\u0430\u0437\u0430\u043d\u0438\u044f \u0443\u0441\u043b\u0443\u0433"},"content":{"rendered":"<section class=\"l-section wpb_row height_medium\"><div class=\"l-section-h i-cf\"><div class=\"g-cols vc_row via_grid cols_1 laptops-cols_inherit tablets-cols_inherit mobiles-cols_1 valign_top type_default stacking_default\"><div class=\"wpb_column vc_column_container\"><div class=\"vc_column-inner\">[vc_custom_heading text=&#187;\u041e\u0431\u0449\u0438\u0435 \u0443\u0441\u043b\u043e\u0432\u0438\u044f \u043e\u043a\u0430\u0437\u0430\u043d\u0438\u044f \u0443\u0441\u043b\u0443\u0433&#187; font_container=&#187;tag:h1|text_align:left&#187; use_theme_fonts=&#187;yes&#187;]<div class=\"wpb_text_column licolor\"><div class=\"wpb_wrapper\"><p><strong>TASULISED TEENUSED<\/strong><\/p>\n<p>Tasuliste teenuste hinnakirjaga saab tutvuda <a href=\"\/ru\/rasczenki\/\">SIIN<\/a> Teenuse osutamise leping loetakse muu hulgas s\u00f5lmituks ka teenuse osutamise alustamisega v\u00f5i kliendi sooviga broneerida vastuv\u00f5tuaeg.<\/p>\n<p><strong>TEENUSTE OSUTAMISE TINGIMUSED:<\/strong><\/p>\n<ul>\n<li>Teenuste osutajaks on SPK GRUPP O\u00dc, registrikood 12968936, juriidiline aadress Randla 13,1.sokklikorrus, 10315 Tallinn, kontakt: <a href=\"mailto:info@irinakirs.ee\">info@irinakirs.ee<\/a>, ettev\u00f5ttena tegutsev N\u00f5ustamis- ja koolituskeskus Lahenduseleidja (edaspidi keskus). Konkreetsete teenuste osutaja(d) m\u00e4\u00e4rab keskus enda spetsialistide seast arvestades soovitavate teenuste iseloomu, mahtu, ajakava ja j\u00e4rjekorra pikkust.<\/li>\n<li>Teenusele registreerimisel n\u00f5ustub klient teenuse osutamise tingimustega.<\/li>\n<li>Esmase visiidi broneerimisel saadab keskus kliendile e-posti teel teate registreerimise kinnitamise kohta.<\/li>\n<li>Klient maksab keskusele osutatud teenuste eest vastavalt konkreetse teenuse osutamise hetkel kehtivale hinnakirjale. Kliendil on igal ajal \u00f5igus saada teavet keskuses hetkel kehtivast hinnakirjast.<\/li>\n<li>Teenuste eest tasumine toimub mitte hiljem kui 24h enne vastuv\u00f5tu aega SPK GRUPP O\u00dc arvelduskontole EE722200221069579474 vastavalt spetsialisti v\u00f5i keskuse poolt v\u00e4ljastatud teatisele v\u00f5i arvele, kui kliendiga ei ole kokku lepitud teisiti. Klient peab teatama keskusele oma m\u00e4rkustest teatise v\u00f5i arve v\u00f5i sellel kajastatud teenuste suhtes koheselt p\u00e4rast teatise v\u00f5i arve saamist. M\u00e4rkustest mitteteatamise korral loetakse teatis v\u00f5i arve kliendi poolt t\u00e4ies ulatuses aktsepteerituks.<\/li>\n<li>Juhul, kui kliendil on keskuse ees \u00fclet\u00e4htaegseid v\u00f5lgnevusi v\u00f5i selliseid v\u00f5lgnevusi on esinenud teenuste osutamisele eelneva kalendriaasta jooksul, on keskusel \u00f5igus n\u00f5uda teenuste eest ettemaksu vastava teenuse t\u00e4ielikus maksumuses. K\u00e4esolevas tasuliste teenuste osutamise lepingus reguleerimata k\u00fcsimustes kohaldatakse k\u00e4sunduslepingu s\u00e4tteid.<\/li>\n<\/ul>\n<p>Teenuste osutamise l\u00f5petamine:<\/p>\n<ul>\n<li>Klient v\u00f5ib tasuliste teenuste osutamise lepingu igal ajal p\u00f5hjust avaldamata \u00fcles \u00f6elda. Sellisel juhul tasub klient vaid talle osutatud teenuste eest.<\/li>\n<li>Keskus v\u00f5ib tasuliste teenuste osutamise lepingu \u00fcles \u00f6elda \u00fcksnes m\u00f5juval p\u00f5hjusel, eelk\u00f5ige siis, kui ilmneb olukord, kus keskuselt ei saa m\u00f5istlikult eeldada tasuliste teenuste osutamise lepingu j\u00e4tkamist, sh tasu maksmata j\u00e4tmine, kliendi poolt antavate juhiste vastuolu seadusega v\u00f5i mittet\u00e4idetavus v\u00f5i \u00f5igusaktidest tulenev keeld vastavat teenust osutada.<\/li>\n<\/ul>\n<p>Teenusele registreerimisel kinnitab klient allj\u00e4rgnevat:<\/p>\n<ul>\n<li>Olen k\u00e4esolevas tasuliste teenuste osutamise lepingus s\u00e4testatud tasuliste teenuste hinnakirja ja osutamise tingimustega tutvunud ning n\u00f5us.<\/li>\n<li>Soovin k\u00e4esolevas lepingus s\u00e4testatud tingimustel kasutada keskuse tasulisi teenuseid vastavalt teenuste vahetu osutajaga suuliselt kokkulepitavale mahule.<\/li>\n<\/ul>\n<p><strong>VASTUV\u00d5TUAJA T\u00dcHISTAMINE<\/strong><\/p>\n<p>Kokkulepitud kohtumisele mittetulemisest teatamise korral hiljem kui 24 tundi ette v\u00f5i teatades v\u00e4hem kui 24 tundi enne kokkulepitud aega olete kohustatud tasuma t\u00e4ies ulatuses vastavalt kehtivale hinnakirjale arvele SPK Grupp O\u00dc EE722200221069579474.<\/p>\n<p>Teenuse eest ei pea tasuma, kui klient teatab teenusele mitte ilmumisest hiljem kui 24 tundi ette.<\/p>\n<\/div><\/div><\/div><\/div><\/div><\/div><\/section>\n","protected":false},"excerpt":{"rendered":"[vc_custom_heading text=\"\u041e\u0431\u0449\u0438\u0435 \u0443\u0441\u043b\u043e\u0432\u0438\u044f \u043e\u043a\u0430\u0437\u0430\u043d\u0438\u044f \u0443\u0441\u043b\u0443\u0433\" font_container=\"tag:h1|text_align:left\" use_theme_fonts=\"yes\"]TASULISED TEENUSED Tasuliste teenuste hinnakirjaga saab tutvuda SIIN Teenuse osutamise leping loetakse muu hulgas s\u00f5lmituks ka teenuse osutamise alustamisega v\u00f5i kliendi sooviga broneerida vastuv\u00f5tuaeg. TEENUSTE OSUTAMISE TINGIMUSED: Teenuste osutajaks on SPK GRUPP O\u00dc, registrikood 12968936, juriidiline aadress Randla 13,1.sokklikorrus, 10315 Tallinn, kontakt: info@irinakirs.ee, ettev\u00f5ttena tegutsev N\u00f5ustamis- ja koolituskeskus Lahenduseleidja...","protected":false},"author":1,"featured_media":0,"parent":0,"menu_order":0,"comment_status":"closed","ping_status":"closed","template":"","meta":{"footnotes":""},"class_list":["post-8439","page","type-page","status-publish","hentry"],"yoast_head":"<!-- This site is optimized with the Yoast SEO plugin v27.2 - https:\/\/yoast.com\/product\/yoast-seo-wordpress\/ -->\n<title>\u041e\u0431\u0449\u0438\u0435 \u0443\u0441\u043b\u043e\u0432\u0438\u044f \u043e\u043a\u0430\u0437\u0430\u043d\u0438\u044f \u0443\u0441\u043b\u0443\u0433 - \u041f\u0441\u0438\u0445\u043e\u043b\u043e\u0433 \u0418\u0440\u0438\u043d\u0430 \u041a\u0438\u0440\u0441<\/title>\n<meta name=\"robots\" content=\"index, follow, max-snippet:-1, max-image-preview:large, max-video-preview:-1\" \/>\n<link rel=\"canonical\" href=\"https:\/\/irinakirs.ee\/uldtingimused\/\" \/>\n<meta property=\"og:locale\" content=\"ru_RU\" \/>\n<meta property=\"og:type\" content=\"article\" \/>\n<meta property=\"og:title\" content=\"\u041e\u0431\u0449\u0438\u0435 \u0443\u0441\u043b\u043e\u0432\u0438\u044f \u043e\u043a\u0430\u0437\u0430\u043d\u0438\u044f \u0443\u0441\u043b\u0443\u0433 - \u041f\u0441\u0438\u0445\u043e\u043b\u043e\u0433 \u0418\u0440\u0438\u043d\u0430 \u041a\u0438\u0440\u0441\" \/>\n<meta property=\"og:url\" content=\"https:\/\/irinakirs.ee\/uldtingimused\/\" \/>\n<meta property=\"og:site_name\" content=\"\u041f\u0441\u0438\u0445\u043e\u043b\u043e\u0433 \u0418\u0440\u0438\u043d\u0430 \u041a\u0438\u0440\u0441\" \/>\n<meta property=\"article:publisher\" content=\"https:\/\/www.facebook.com\/www.lahenduseleidja.ee\" \/>\n<meta property=\"article:modified_time\" content=\"2024-07-02T13:31:29+00:00\" \/>\n<meta property=\"og:image\" content=\"https:\/\/irinakirs.ee\/wp-content\/uploads\/2023\/07\/2.jpg\" \/>\n\t<meta property=\"og:image:width\" content=\"2000\" \/>\n\t<meta property=\"og:image:height\" content=\"1335\" \/>\n\t<meta property=\"og:image:type\" content=\"image\/jpeg\" \/>\n<meta name=\"twitter:card\" content=\"summary_large_image\" \/>\n<meta name=\"twitter:label1\" content=\"\u041f\u0440\u0438\u043c\u0435\u0440\u043d\u043e\u0435 \u0432\u0440\u0435\u043c\u044f \u0434\u043b\u044f \u0447\u0442\u0435\u043d\u0438\u044f\" \/>\n\t<meta name=\"twitter:data1\" content=\"2 \u043c\u0438\u043d\u0443\u0442\u044b\" \/>\n<script type=\"application\/ld+json\" class=\"yoast-schema-graph\">{\"@context\":\"https:\/\/schema.org\",\"@graph\":[{\"@type\":\"WebPage\",\"@id\":\"https:\/\/irinakirs.ee\/uldtingimused\/\",\"url\":\"https:\/\/irinakirs.ee\/uldtingimused\/\",\"name\":\"\u041e\u0431\u0449\u0438\u0435 \u0443\u0441\u043b\u043e\u0432\u0438\u044f \u043e\u043a\u0430\u0437\u0430\u043d\u0438\u044f \u0443\u0441\u043b\u0443\u0433 - \u041f\u0441\u0438\u0445\u043e\u043b\u043e\u0433 \u0418\u0440\u0438\u043d\u0430 \u041a\u0438\u0440\u0441\",\"isPartOf\":{\"@id\":\"https:\/\/irinakirs.ee\/#website\"},\"datePublished\":\"2023-08-09T08:31:51+00:00\",\"dateModified\":\"2024-07-02T13:31:29+00:00\",\"breadcrumb\":{\"@id\":\"https:\/\/irinakirs.ee\/uldtingimused\/#breadcrumb\"},\"inLanguage\":\"ru-RU\",\"potentialAction\":[{\"@type\":\"ReadAction\",\"target\":[\"https:\/\/irinakirs.ee\/uldtingimused\/\"]}]},{\"@type\":\"BreadcrumbList\",\"@id\":\"https:\/\/irinakirs.ee\/uldtingimused\/#breadcrumb\",\"itemListElement\":[{\"@type\":\"ListItem\",\"position\":1,\"name\":\"Home\",\"item\":\"https:\/\/irinakirs.ee\/ru\/\"},{\"@type\":\"ListItem\",\"position\":2,\"name\":\"\u041e\u0431\u0449\u0438\u0435 \u0443\u0441\u043b\u043e\u0432\u0438\u044f \u043e\u043a\u0430\u0437\u0430\u043d\u0438\u044f \u0443\u0441\u043b\u0443\u0433\"}]},{\"@type\":\"WebSite\",\"@id\":\"https:\/\/irinakirs.ee\/#website\",\"url\":\"https:\/\/irinakirs.ee\/\",\"name\":\"Ps\u00fchholoog Irina Kirs\",\"description\":\"\",\"publisher\":{\"@id\":\"https:\/\/irinakirs.ee\/#organization\"},\"potentialAction\":[{\"@type\":\"SearchAction\",\"target\":{\"@type\":\"EntryPoint\",\"urlTemplate\":\"https:\/\/irinakirs.ee\/?s={search_term_string}\"},\"query-input\":{\"@type\":\"PropertyValueSpecification\",\"valueRequired\":true,\"valueName\":\"search_term_string\"}}],\"inLanguage\":\"ru-RU\"},{\"@type\":\"Organization\",\"@id\":\"https:\/\/irinakirs.ee\/#organization\",\"name\":\"V.I.K.I.Lahendus O\u00dc\",\"url\":\"https:\/\/irinakirs.ee\/\",\"logo\":{\"@type\":\"ImageObject\",\"inLanguage\":\"ru-RU\",\"@id\":\"https:\/\/irinakirs.ee\/#\/schema\/logo\/image\/\",\"url\":\"https:\/\/new.irinakirs.ee\/wp-content\/uploads\/2023\/09\/Lahenduseleidja.svg\",\"contentUrl\":\"https:\/\/new.irinakirs.ee\/wp-content\/uploads\/2023\/09\/Lahenduseleidja.svg\",\"width\":\"1024\",\"height\":\"1024\",\"caption\":\"V.I.K.I.Lahendus O\u00dc\"},\"image\":{\"@id\":\"https:\/\/irinakirs.ee\/#\/schema\/logo\/image\/\"},\"sameAs\":[\"https:\/\/www.facebook.com\/www.lahenduseleidja.ee\"]}]}<\/script>\n<!-- \/ Yoast SEO plugin. -->","yoast_head_json":{"title":"\u041e\u0431\u0449\u0438\u0435 \u0443\u0441\u043b\u043e\u0432\u0438\u044f \u043e\u043a\u0430\u0437\u0430\u043d\u0438\u044f \u0443\u0441\u043b\u0443\u0433 - \u041f\u0441\u0438\u0445\u043e\u043b\u043e\u0433 \u0418\u0440\u0438\u043d\u0430 \u041a\u0438\u0440\u0441","robots":{"index":"index","follow":"follow","max-snippet":"max-snippet:-1","max-image-preview":"max-image-preview:large","max-video-preview":"max-video-preview:-1"},"canonical":"https:\/\/irinakirs.ee\/uldtingimused\/","og_locale":"ru_RU","og_type":"article","og_title":"\u041e\u0431\u0449\u0438\u0435 \u0443\u0441\u043b\u043e\u0432\u0438\u044f \u043e\u043a\u0430\u0437\u0430\u043d\u0438\u044f \u0443\u0441\u043b\u0443\u0433 - \u041f\u0441\u0438\u0445\u043e\u043b\u043e\u0433 \u0418\u0440\u0438\u043d\u0430 \u041a\u0438\u0440\u0441","og_url":"https:\/\/irinakirs.ee\/uldtingimused\/","og_site_name":"\u041f\u0441\u0438\u0445\u043e\u043b\u043e\u0433 \u0418\u0440\u0438\u043d\u0430 \u041a\u0438\u0440\u0441","article_publisher":"https:\/\/www.facebook.com\/www.lahenduseleidja.ee","article_modified_time":"2024-07-02T13:31:29+00:00","og_image":[{"width":2000,"height":1335,"url":"https:\/\/irinakirs.ee\/wp-content\/uploads\/2023\/07\/2.jpg","type":"image\/jpeg"}],"twitter_card":"summary_large_image","twitter_misc":{"\u041f\u0440\u0438\u043c\u0435\u0440\u043d\u043e\u0435 \u0432\u0440\u0435\u043c\u044f \u0434\u043b\u044f \u0447\u0442\u0435\u043d\u0438\u044f":"2 \u043c\u0438\u043d\u0443\u0442\u044b"},"schema":{"@context":"https:\/\/schema.org","@graph":[{"@type":"WebPage","@id":"https:\/\/irinakirs.ee\/uldtingimused\/","url":"https:\/\/irinakirs.ee\/uldtingimused\/","name":"\u041e\u0431\u0449\u0438\u0435 \u0443\u0441\u043b\u043e\u0432\u0438\u044f \u043e\u043a\u0430\u0437\u0430\u043d\u0438\u044f \u0443\u0441\u043b\u0443\u0433 - \u041f\u0441\u0438\u0445\u043e\u043b\u043e\u0433 \u0418\u0440\u0438\u043d\u0430 \u041a\u0438\u0440\u0441","isPartOf":{"@id":"https:\/\/irinakirs.ee\/#website"},"datePublished":"2023-08-09T08:31:51+00:00","dateModified":"2024-07-02T13:31:29+00:00","breadcrumb":{"@id":"https:\/\/irinakirs.ee\/uldtingimused\/#breadcrumb"},"inLanguage":"ru-RU","potentialAction":[{"@type":"ReadAction","target":["https:\/\/irinakirs.ee\/uldtingimused\/"]}]},{"@type":"BreadcrumbList","@id":"https:\/\/irinakirs.ee\/uldtingimused\/#breadcrumb","itemListElement":[{"@type":"ListItem","position":1,"name":"Home","item":"https:\/\/irinakirs.ee\/ru\/"},{"@type":"ListItem","position":2,"name":"\u041e\u0431\u0449\u0438\u0435 \u0443\u0441\u043b\u043e\u0432\u0438\u044f \u043e\u043a\u0430\u0437\u0430\u043d\u0438\u044f \u0443\u0441\u043b\u0443\u0433"}]},{"@type":"WebSite","@id":"https:\/\/irinakirs.ee\/#website","url":"https:\/\/irinakirs.ee\/","name":"Ps\u00fchholoog Irina Kirs","description":"","publisher":{"@id":"https:\/\/irinakirs.ee\/#organization"},"potentialAction":[{"@type":"SearchAction","target":{"@type":"EntryPoint","urlTemplate":"https:\/\/irinakirs.ee\/?s={search_term_string}"},"query-input":{"@type":"PropertyValueSpecification","valueRequired":true,"valueName":"search_term_string"}}],"inLanguage":"ru-RU"},{"@type":"Organization","@id":"https:\/\/irinakirs.ee\/#organization","name":"V.I.K.I.Lahendus O\u00dc","url":"https:\/\/irinakirs.ee\/","logo":{"@type":"ImageObject","inLanguage":"ru-RU","@id":"https:\/\/irinakirs.ee\/#\/schema\/logo\/image\/","url":"https:\/\/new.irinakirs.ee\/wp-content\/uploads\/2023\/09\/Lahenduseleidja.svg","contentUrl":"https:\/\/new.irinakirs.ee\/wp-content\/uploads\/2023\/09\/Lahenduseleidja.svg","width":"1024","height":"1024","caption":"V.I.K.I.Lahendus O\u00dc"},"image":{"@id":"https:\/\/irinakirs.ee\/#\/schema\/logo\/image\/"},"sameAs":["https:\/\/www.facebook.com\/www.lahenduseleidja.ee"]}]}},"_links":{"self":[{"href":"https:\/\/irinakirs.ee\/ru\/wp-json\/wp\/v2\/pages\/8439","targetHints":{"allow":["GET"]}}],"collection":[{"href":"https:\/\/irinakirs.ee\/ru\/wp-json\/wp\/v2\/pages"}],"about":[{"href":"https:\/\/irinakirs.ee\/ru\/wp-json\/wp\/v2\/types\/page"}],"author":[{"embeddable":true,"href":"https:\/\/irinakirs.ee\/ru\/wp-json\/wp\/v2\/users\/1"}],"replies":[{"embeddable":true,"href":"https:\/\/irinakirs.ee\/ru\/wp-json\/wp\/v2\/comments?post=8439"}],"version-history":[{"count":3,"href":"https:\/\/irinakirs.ee\/ru\/wp-json\/wp\/v2\/pages\/8439\/revisions"}],"predecessor-version":[{"id":8910,"href":"https:\/\/irinakirs.ee\/ru\/wp-json\/wp\/v2\/pages\/8439\/revisions\/8910"}],"wp:attachment":[{"href":"https:\/\/irinakirs.ee\/ru\/wp-json\/wp\/v2\/media?parent=8439"}],"curies":[{"name":"wp","href":"https:\/\/api.w.org\/{rel}","templated":true}]}}